{"id":18,"date":"2024-01-23T10:10:33","date_gmt":"2024-01-23T10:10:33","guid":{"rendered":"https:\/\/Ribisch.digbizmistelbach.info\/?page_id=18"},"modified":"2024-01-30T09:57:00","modified_gmt":"2024-01-30T09:57:00","slug":"rinder-und-schweinefleisch","status":"publish","type":"page","link":"https:\/\/Ribisch.digbizmistelbach.info\/","title":{"rendered":"Rinder &#8211; und Schweinefleisch"},"content":{"rendered":"\n<h2 class=\"wp-block-heading has-text-align-center\">Tier und wir<\/h2>\n\n\n\n<p class=\"has-text-align-center\">Wir leben schon sehr lange mit unseren K\u00fchen und Schweinen zusammen, sie sind ein Teil unseres Lebens geworden. Viele betrachten sie, trotz des k\u00f6stlichen Fleisches, nicht als Lebensmittel sondern als Freund, diese setzen sich prim\u00e4r f\u00fcr das Tierwohl ein. In unseren Kulturkreisen herrscht eine Kultur von leckeren Speisen aus Rinder- und Schweinefleisch.<\/p>\n\n\n\n<div class=\"wp-block-columns is-layout-flex wp-container-core-columns-layout-1 wp-block-columns-is-layout-flex\">\n<div class=\"wp-block-column is-layout-flow wp-block-column-is-layout-flow\">\n<figure class=\"wp-block-image size-large is-style-rounded\"><img loading=\"lazy\" decoding=\"async\" width=\"1024\" height=\"614\" src=\"https:\/\/Ribisch.digbizmistelbach.info\/wp-content\/uploads\/2024\/01\/haltung-1024x614.jpg\" alt=\"\" class=\"wp-image-27\" style=\"aspect-ratio:16\/9;object-fit:cover\" srcset=\"https:\/\/Ribisch.digbizmistelbach.info\/wp-content\/uploads\/2024\/01\/haltung-1024x614.jpg 1024w, https:\/\/Ribisch.digbizmistelbach.info\/wp-content\/uploads\/2024\/01\/haltung-300x180.jpg 300w, https:\/\/Ribisch.digbizmistelbach.info\/wp-content\/uploads\/2024\/01\/haltung-768x460.jpg 768w, https:\/\/Ribisch.digbizmistelbach.info\/wp-content\/uploads\/2024\/01\/haltung.jpg 1280w\" sizes=\"(max-width: 1024px) 100vw, 1024px\" \/><\/figure>\n<\/div>\n\n\n\n<div class=\"wp-block-column is-layout-flow wp-block-column-is-layout-flow\">\n<figure class=\"wp-block-image size-full is-style-rounded\"><img loading=\"lazy\" decoding=\"async\" width=\"960\" height=\"640\" src=\"https:\/\/Ribisch.digbizmistelbach.info\/wp-content\/uploads\/2024\/01\/schweinehaltung.jpg\" alt=\"\" class=\"wp-image-51\" style=\"aspect-ratio:16\/9;object-fit:cover\" srcset=\"https:\/\/Ribisch.digbizmistelbach.info\/wp-content\/uploads\/2024\/01\/schweinehaltung.jpg 960w, https:\/\/Ribisch.digbizmistelbach.info\/wp-content\/uploads\/2024\/01\/schweinehaltung-300x200.jpg 300w, https:\/\/Ribisch.digbizmistelbach.info\/wp-content\/uploads\/2024\/01\/schweinehaltung-768x512.jpg 768w\" sizes=\"(max-width: 960px) 100vw, 960px\" \/><\/figure>\n<\/div>\n<\/div>\n\n\n\n<p><\/p>\n","protected":false},"excerpt":{"rendered":"<p>Tier und wir Wir leben schon sehr lange mit unseren K\u00fchen und Schweinen zusammen, sie sind ein Teil unseres Lebens geworden. Viele betrachten sie, trotz des k\u00f6stlichen Fleisches, nicht als Lebensmittel sondern als Freund, diese setzen sich prim\u00e4r f\u00fcr das Tierwohl ein. In unseren Kulturkreisen herrscht eine Kultur von leckeren Speisen aus Rinder- und Schweinefleisch.<\/p>\n","protected":false},"author":1,"featured_media":0,"parent":0,"menu_order":0,"comment_status":"closed","ping_status":"closed","template":"","meta":{"footnotes":""},"_links":{"self":[{"href":"https:\/\/Ribisch.digbizmistelbach.info\/index.php?rest_route=\/wp\/v2\/pages\/18"}],"collection":[{"href":"https:\/\/Ribisch.digbizmistelbach.info\/index.php?rest_route=\/wp\/v2\/pages"}],"about":[{"href":"https:\/\/Ribisch.digbizmistelbach.info\/index.php?rest_route=\/wp\/v2\/types\/page"}],"author":[{"embeddable":true,"href":"https:\/\/Ribisch.digbizmistelbach.info\/index.php?rest_route=\/wp\/v2\/users\/1"}],"replies":[{"embeddable":true,"href":"https:\/\/Ribisch.digbizmistelbach.info\/index.php?rest_route=%2Fwp%2Fv2%2Fcomments&post=18"}],"version-history":[{"count":8,"href":"https:\/\/Ribisch.digbizmistelbach.info\/index.php?rest_route=\/wp\/v2\/pages\/18\/revisions"}],"predecessor-version":[{"id":137,"href":"https:\/\/Ribisch.digbizmistelbach.info\/index.php?rest_route=\/wp\/v2\/pages\/18\/revisions\/137"}],"wp:attachment":[{"href":"https:\/\/Ribisch.digbizmistelbach.info\/index.php?rest_route=%2Fwp%2Fv2%2Fmedia&parent=18"}],"curies":[{"name":"wp","href":"https:\/\/api.w.org\/{rel}","templated":true}]}}