{"id":55,"date":"2024-01-26T11:04:21","date_gmt":"2024-01-26T11:04:21","guid":{"rendered":"https:\/\/Ribisch.digbizmistelbach.info\/?page_id=55"},"modified":"2024-02-13T09:40:01","modified_gmt":"2024-02-13T09:40:01","slug":"schweinefleisch","status":"publish","type":"page","link":"https:\/\/Ribisch.digbizmistelbach.info\/?page_id=55","title":{"rendered":"Schweinefleisch"},"content":{"rendered":"\n<h2 class=\"wp-block-heading has-text-align-center\">Das Schwein und sein Fleisch<\/h2>\n\n\n\n<div style=\"height:50px\" aria-hidden=\"true\" class=\"wp-block-spacer\"><\/div>\n\n\n\n<h4 class=\"wp-block-heading has-text-align-center\">Schweinefleisch<\/h4>\n\n\n\n<div class=\"wp-block-media-text is-stacked-on-mobile\" style=\"grid-template-columns:27% auto\"><figure class=\"wp-block-media-text__media\"><img loading=\"lazy\" decoding=\"async\" width=\"959\" height=\"720\" src=\"https:\/\/Ribisch.digbizmistelbach.info\/wp-content\/uploads\/2024\/01\/schweinefleisch-1.jpg\" alt=\"\" class=\"wp-image-133 size-full\" srcset=\"https:\/\/Ribisch.digbizmistelbach.info\/wp-content\/uploads\/2024\/01\/schweinefleisch-1.jpg 959w, https:\/\/Ribisch.digbizmistelbach.info\/wp-content\/uploads\/2024\/01\/schweinefleisch-1-300x225.jpg 300w, https:\/\/Ribisch.digbizmistelbach.info\/wp-content\/uploads\/2024\/01\/schweinefleisch-1-768x577.jpg 768w\" sizes=\"(max-width: 959px) 100vw, 959px\" \/><\/figure><div class=\"wp-block-media-text__content\">\n<p class=\"has-text-align-center\">In unserer Gesellschaft ist Rindfleisch ein weit verbreitetes Nahrungsmittel und integraler Bestandteil vieler kulinarischer Traditionen. J\u00e4hrlich essen wir ca. 8,7 kg. Sein vielseitiger Einsatz in Gerichten wie Rindergulasch, Tafelspitz, Beiried, Steak und Rindsrouladen spiegelt die kulturelle Vielfalt wider. Allerdings stehen der hohe Fleischkonsum und die damit verbundene Massentierhaltung zunehmend im Fokus, da sie Umweltauswirkungen, ethische Bedenken und Gesundheitsfragen aufwerfen. Ein wachsendes Bewusstsein f\u00fcr nachhaltige Ern\u00e4hrung und alternative Proteinquellen pr\u00e4gt die Diskussion um Rindfleisch in unserer modernen Gesellschaft. Jedoch ist Rindfleisch dennoch eine gute Quelle f\u00fcr hochwertigee Proteine, Eisen, Zink, B-Vitamine und Selen.<\/p>\n<\/div><\/div>\n\n\n\n<h4 class=\"wp-block-heading has-text-align-center\">Wie sich das Schwein auf die Umwelt auswirkt<\/h4>\n\n\n\n<div class=\"wp-block-media-text has-media-on-the-right is-stacked-on-mobile\" style=\"grid-template-columns:auto 27%\"><div class=\"wp-block-media-text__content\">\n<p class=\"has-text-align-center\">Weltweit werden etwa 740 Millionen Schweine gehalten, davon 2,7 Millionen in \u00d6sterreich, j\u00e4hrlich werden hier rund 5 Millionen geschlachtet. Dies hat ernome Umweltauswirkungen. Der Anbau von Futtermitteln f\u00fchrt zur Entwaldung, wobei D\u00fcngemittel und Pestizide Umweltsch\u00e4den verursachen. Schweine produzieren Methan und Lachgas, das sind starke Treibhausgase. Zudem erfordert die Produktion gro\u00dfe Wassermengen. Massentierhaltung (h\u00e4ufig in St\u00e4llen in denen die Schweine keinen Platz haben) verst\u00e4rkt diese Probleme und bringt den Tieren mehr Stress und Erkrankungen<\/p>\n<\/div><figure class=\"wp-block-media-text__media\"><img loading=\"lazy\" decoding=\"async\" width=\"704\" height=\"396\" src=\"https:\/\/Ribisch.digbizmistelbach.info\/wp-content\/uploads\/2024\/01\/schweinbaby-1.jpg\" alt=\"\" class=\"wp-image-134 size-full\" srcset=\"https:\/\/Ribisch.digbizmistelbach.info\/wp-content\/uploads\/2024\/01\/schweinbaby-1.jpg 704w, https:\/\/Ribisch.digbizmistelbach.info\/wp-content\/uploads\/2024\/01\/schweinbaby-1-300x169.jpg 300w\" sizes=\"(max-width: 704px) 100vw, 704px\" \/><\/figure><\/div>\n\n\n\n<figure class=\"wp-block-pullquote has-text-align-center\" style=\"border-style:none;border-width:0px;border-radius:0px;font-style:normal;font-weight:300\"><blockquote><p>Rindfleisch schmeckt echt gut. Wuhu!<br>Aber daf\u00fcr sterben s\u00fc\u00dfe Schweinchen \ud83d\ude41<\/p><cite>Benjamin Ribisch<\/cite><\/blockquote><\/figure>\n\n\n\n<details class=\"wp-block-details is-layout-flow wp-block-details-is-layout-flow\"><summary>Wie schaut gute Haltung bei den Schweinchen aus?<\/summary>\n<p>Wichtig ist vor allem, dass sich um die Tiere gek\u00fcmmert wird, dies sollte durch gute Ern\u00e4hrung, Spielm\u00f6glichkeiten, Arztbesuche und N\u00e4he zum Tier passieren<\/p>\n<\/details>\n\n\n\n<details class=\"wp-block-details is-layout-flow wp-block-details-is-layout-flow\"><summary>Haben Schweine Gef\u00fchle?<\/summary>\n<p>Vielleicht, ich wei\u00df es nicht ich bin kein Schwein.<\/p>\n<\/details>\n\n\n\n<div style=\"height:50px\" aria-hidden=\"true\" class=\"wp-block-spacer\"><\/div>\n\n\n\n<div class=\"wp-block-buttons is-content-justification-center is-layout-flex wp-container-core-buttons-layout-1 wp-block-buttons-is-layout-flex\">\n<div class=\"wp-block-button is-style-outline\"><a class=\"wp-block-button__link wp-element-button\" href=\"http:\/\/greisinger.com\" target=\"_blank\" rel=\"noreferrer noopener\">Wer verkauft umweltfreundliches Schweinefleisch?<\/a><\/div>\n<\/div>\n","protected":false},"excerpt":{"rendered":"<p>Das Schwein und sein Fleisch Schweinefleisch In unserer Gesellschaft ist Rindfleisch ein weit verbreitetes Nahrungsmittel und integraler Bestandteil vieler kulinarischer Traditionen. J\u00e4hrlich essen wir ca. 8,7 kg. Sein vielseitiger Einsatz in Gerichten wie Rindergulasch, Tafelspitz, Beiried, Steak und Rindsrouladen spiegelt die kulturelle Vielfalt wider. Allerdings stehen der hohe Fleischkonsum und die damit verbundene Massentierhaltung zunehmend [&hellip;]<\/p>\n","protected":false},"author":1,"featured_media":0,"parent":0,"menu_order":0,"comment_status":"closed","ping_status":"closed","template":"","meta":{"footnotes":""},"_links":{"self":[{"href":"https:\/\/Ribisch.digbizmistelbach.info\/index.php?rest_route=\/wp\/v2\/pages\/55"}],"collection":[{"href":"https:\/\/Ribisch.digbizmistelbach.info\/index.php?rest_route=\/wp\/v2\/pages"}],"about":[{"href":"https:\/\/Ribisch.digbizmistelbach.info\/index.php?rest_route=\/wp\/v2\/types\/page"}],"author":[{"embeddable":true,"href":"https:\/\/Ribisch.digbizmistelbach.info\/index.php?rest_route=\/wp\/v2\/users\/1"}],"replies":[{"embeddable":true,"href":"https:\/\/Ribisch.digbizmistelbach.info\/index.php?rest_route=%2Fwp%2Fv2%2Fcomments&post=55"}],"version-history":[{"count":22,"href":"https:\/\/Ribisch.digbizmistelbach.info\/index.php?rest_route=\/wp\/v2\/pages\/55\/revisions"}],"predecessor-version":[{"id":225,"href":"https:\/\/Ribisch.digbizmistelbach.info\/index.php?rest_route=\/wp\/v2\/pages\/55\/revisions\/225"}],"wp:attachment":[{"href":"https:\/\/Ribisch.digbizmistelbach.info\/index.php?rest_route=%2Fwp%2Fv2%2Fmedia&parent=55"}],"curies":[{"name":"wp","href":"https:\/\/api.w.org\/{rel}","templated":true}]}}